{"id":156,"date":"2014-07-12T08:47:11","date_gmt":"2014-07-12T06:47:11","guid":{"rendered":"http:\/\/icorn.de\/wordpress\/?page_id=156"},"modified":"2025-07-23T20:10:46","modified_gmt":"2025-07-23T18:10:46","slug":"impressum","status":"publish","type":"page","link":"https:\/\/geeknation.de\/?page_id=156","title":{"rendered":"Impressum"},"content":{"rendered":"<p><strong>Inhaltlich verantwortlich:<\/strong><\/p>\n<p>Oliver Eichhorn<br \/>\nGustav-Tempel-Stra\u00dfe 8<br \/>\n10317 Berlin<br \/>\nE-Mail: <a href=\"mailto:oeichhorn@me.com\" target=\"_blank\" rel=\"noopener\">oeichhorn@me.com<\/a><\/p>\n<p>Ich widerspreche ausdr\u00fccklich der Nutzung und\/oder \u00dcbermittlung meiner hier genannten Kontaktdaten f\u00fcr kommerzielle Zwecke oder f\u00fcr die Markt- bzw. Meinungsforschung (\u00a728 Abs.4 BDSG).<\/p>\n<p><strong>Haftungshinweis<\/strong>\u00a0:<\/p>\n<p>Trotz sorgf\u00e4ltiger inhaltlicher Kontrolle \u00fcbernehmen wir keine Haftung f\u00fcr die Inhalte externer Links. F\u00fcr den Inhalt der verlinkten Seiten sind ausschlie\u00dflich deren Betreiber verantwortlich.<\/p>\n<p><strong>Nutzung der Kommentarfunktion:<\/strong><\/p>\n<p>F\u00fcr die Kommentare auf unseren Seiten zeichnen die jeweiligen Verfasser verantwortlich. Wir bitten darum, bei der Nutzung der Kommentarfunktion auf einen bedachten Umgang miteinander zu achten.<\/p>\n<p>Wir behalten uns die L\u00f6schung oder Bearbeitung einzelner Kommentare vor.<\/p>\n","protected":false},"excerpt":{"rendered":"<p>Inhaltlich verantwortlich: Oliver Eichhorn Gustav-Tempel-Stra\u00dfe 8 10317 Berlin E-Mail: oeichhorn@me.com Ich widerspreche ausdr\u00fccklich der Nutzung und\/oder \u00dcbermittlung meiner hier genannten Kontaktdaten f\u00fcr kommerzielle Zwecke oder f\u00fcr die Markt- bzw. Meinungsforschung (\u00a728 Abs.4 BDSG). Haftungshinweis\u00a0: Trotz sorgf\u00e4ltiger inhaltlicher Kontrolle \u00fcbernehmen wir keine Haftung f\u00fcr die Inhalte externer Links. F\u00fcr den Inhalt der verlinkten Seiten sind ausschlie\u00dflich [&hellip;]<\/p>\n","protected":false},"author":1,"featured_media":0,"parent":0,"menu_order":0,"comment_status":"closed","ping_status":"open","template":"","meta":{"footnotes":""},"class_list":["post-156","page","type-page","status-publish","hentry"],"_links":{"self":[{"href":"https:\/\/geeknation.de\/index.php?rest_route=\/wp\/v2\/pages\/156","targetHints":{"allow":["GET"]}}],"collection":[{"href":"https:\/\/geeknation.de\/index.php?rest_route=\/wp\/v2\/pages"}],"about":[{"href":"https:\/\/geeknation.de\/index.php?rest_route=\/wp\/v2\/types\/page"}],"author":[{"embeddable":true,"href":"https:\/\/geeknation.de\/index.php?rest_route=\/wp\/v2\/users\/1"}],"replies":[{"embeddable":true,"href":"https:\/\/geeknation.de\/index.php?rest_route=%2Fwp%2Fv2%2Fcomments&post=156"}],"version-history":[{"count":2,"href":"https:\/\/geeknation.de\/index.php?rest_route=\/wp\/v2\/pages\/156\/revisions"}],"predecessor-version":[{"id":442,"href":"https:\/\/geeknation.de\/index.php?rest_route=\/wp\/v2\/pages\/156\/revisions\/442"}],"wp:attachment":[{"href":"https:\/\/geeknation.de\/index.php?rest_route=%2Fwp%2Fv2%2Fmedia&parent=156"}],"curies":[{"name":"wp","href":"https:\/\/api.w.org\/{rel}","templated":true}]}}