{"id":192,"date":"2014-07-11T22:33:39","date_gmt":"2014-07-11T20:33:39","guid":{"rendered":"http:\/\/icorn.de\/wordpress\/?page_id=192"},"modified":"2014-07-11T22:33:39","modified_gmt":"2014-07-11T20:33:39","slug":"meine-infocom-sammlung","status":"publish","type":"page","link":"https:\/\/geeknation.de\/?page_id=192","title":{"rendered":"Meine Infocom-Sammlung"},"content":{"rendered":"<h2>Allgemeines zu Infocom<\/h2>\n<p><strong><\/strong><br \/>\nDie Firma Infocom stellte in den 80er Jahren Text-Adventures her, also Computer-Spiele v\u00f6llig ohne Grafik. Daf\u00fcr war die Qualit\u00e4t der Texte sehr hoch und die Schwierigkeit der R\u00e4tsel ebenso. Herausragend war damals der sog. &#8220;Parser&#8221;, also der Teil des Spiels, der die Eingaben des Anwenders verarbeitet. Er bestach nicht nur durch die hohe Anzahl der interpretierbaren Worte, sondern konnte auch komplexe englische S\u00e4tze &#8220;verstehen&#8221;.<\/p>\n<p>Eine weitere Besonderheit: Die aufw\u00e4ndigen Verpackungs-Beilagen.<\/p>\n<p>Interessante Links zum Thema Infocom:<\/p>\n<ul>\n<li>Wikipedia-Eintrag <a href=\"http:\/\/de.wikipedia.org\/wiki\/Infocom\">deutsch<\/a> und <a href=\"http:\/\/en.wikipedia.org\/wiki\/Infocom\">englisch<\/a><\/li>\n<li><a href=\"http:\/\/www.infocom-if.org\/\">www.infocom-if-org<\/a> (heute noch aktiv und mit regelm\u00e4\u00dfigen News)<\/li>\n<li><a href=\"http:\/\/www.cs.uwo.ca\/Infocom\/\">www.cs.uwo.ca\/Infocom\/<\/a> (die wohl gr\u00f6\u00dfte Infocom-Webseite)<\/li>\n<\/ul>\n<p>Im Jahr 2007 (also ca. 20 Jahre nach dem letzten Infocom-Spiel) ver\u00f6ffentlichte Nerdcore-Hip-Hopper &#8220;<a href=\"http:\/\/en.wikipedia.org\/wiki\/Mc_frontalot\">MC Frontalot<\/a>&#8221;&nbsp; den Song &#8220;It it Pitch Dark&#8221;, welcher eine Huldigung an Infocom-Spiele ist. Der b\u00e4rtige Kerl, der in dem Video auftaucht ist \u00fcbrigens <a href=\"http:\/\/en.wikipedia.org\/wiki\/Steve_Meretzky\">Steve Meretzky<\/a>, der Autor einiger der besten Infocom-Titel (z. B. &#8220;Hitchhiker&#8217;s Guide to the Galaxy&#8221; oder &#8220;Planetfall&#8221;).<\/p>\n<p>Hier das <a href=\"http:\/\/www.youtube.com\/watch?v=4nigRT2KmCE\">Video auf YouTube<\/a>.<\/p>\n<h2>Meine Sammlung: Grey Boxes<\/h2>\n<p>Die meisten Infocom-Spiele erschienen damals in der sog. &#8220;Grey Box&#8221;, einer sch\u00f6nen gro\u00dfen grauen Pappschachtel. Diese bot genug Platz nicht nur f\u00fcr die Diskette, sondern auch f\u00fcr zahlreiche Extras und Gimmicks, die oft sehr originell waren, aber auch oft notwendige Hinweise zur L\u00f6sung enthielten.<\/p>\n<p>Diese Grey Boxes habe ich:\n<\/p>\n<div class=\"image-gallery-wrapper\"><img decoding=\"async\" src=\"http:\/\/static.squarespace.com\/static\/51e0eab3e4b001f1c4738b2c\/51e6bf3be4b083918bf75a08\/51e6bf3ce4b00e33fed50cd0\/1374077132250\/amfvfront.jpg?format=original\" \/><img decoding=\"async\" src=\"http:\/\/static.squarespace.com\/static\/51e0eab3e4b001f1c4738b2c\/51e6bf3be4b083918bf75a08\/51e6bf3ce4b062dafa70abc2\/1374077288497\/ballyfront.jpg?format=original\" \/><img decoding=\"async\" src=\"http:\/\/static.squarespace.com\/static\/51e0eab3e4b001f1c4738b2c\/51e6bf3be4b083918bf75a08\/51e6bf3de4b062dafa70abc4\/1374077332329\/borderzonefront.jpg?format=original\" \/><img decoding=\"async\" src=\"http:\/\/static.squarespace.com\/static\/51e0eab3e4b001f1c4738b2c\/51e6bf3be4b083918bf75a08\/51e6bf3de4b066098f509c36\/1374077379703\/bureaufront.jpg?format=original\" \/><img decoding=\"async\" src=\"http:\/\/static.squarespace.com\/static\/51e0eab3e4b001f1c4738b2c\/51e6bf3be4b083918bf75a08\/51e6bf3de4b044f259fb8ad7\/1374077412085\/cutthroatsfront.jpg?format=original\" \/><img decoding=\"async\" src=\"http:\/\/static.squarespace.com\/static\/51e0eab3e4b001f1c4738b2c\/51e6bf3be4b083918bf75a08\/51e6bf3ee4b083918bf75a16\/1374077440034\/enchanterfront.jpg?format=original\" \/><img decoding=\"async\" src=\"http:\/\/static.squarespace.com\/static\/51e0eab3e4b001f1c4738b2c\/51e6bf3be4b083918bf75a08\/51e6bf3ee4b02bce87438b9e\/1374077489511\/hhgttgfront.jpg?format=original\" \/><img decoding=\"async\" src=\"http:\/\/static.squarespace.com\/static\/51e0eab3e4b001f1c4738b2c\/51e6bf3be4b083918bf75a08\/51e6bf3ee4b050adffbe45eb\/1374077520386\/hhjinxfront.jpg?format=original\" \/><img decoding=\"async\" src=\"http:\/\/static.squarespace.com\/static\/51e0eab3e4b001f1c4738b2c\/51e6bf3be4b083918bf75a08\/51e6bf3ee4b0878eefe0297f\/1374077552742\/infidelfront.jpg?format=original\" \/><img decoding=\"async\" src=\"http:\/\/static.squarespace.com\/static\/51e0eab3e4b001f1c4738b2c\/51e6bf3be4b083918bf75a08\/51e6bf3fe4b0782df157509e\/1374077583847\/leatherfront.jpg?format=original\" \/><img decoding=\"async\" src=\"http:\/\/static.squarespace.com\/static\/51e0eab3e4b001f1c4738b2c\/51e6bf3be4b083918bf75a08\/51e6bf3fe4b050adffbe45ed\/1374077605725\/moonmistfront.jpg?format=original\" \/><img decoding=\"async\" src=\"http:\/\/static.squarespace.com\/static\/51e0eab3e4b001f1c4738b2c\/51e6bf3be4b083918bf75a08\/51e6bf40e4b062dafa70abc6\/1374077633601\/seastalkerfront.jpg?format=original\" \/><img decoding=\"async\" src=\"http:\/\/static.squarespace.com\/static\/51e0eab3e4b001f1c4738b2c\/51e6bf3be4b083918bf75a08\/51e6bf40e4b0560fc2395615\/1374077656889\/shogunfront.jpg?format=original\" \/><img decoding=\"async\" src=\"http:\/\/static.squarespace.com\/static\/51e0eab3e4b001f1c4738b2c\/51e6bf3be4b083918bf75a08\/51e6bf40e4b050adffbe45f9\/1374077680931\/stationfallfront.jpg?format=original\" \/><img decoding=\"async\" src=\"http:\/\/static.squarespace.com\/static\/51e0eab3e4b001f1c4738b2c\/51e6bf3be4b083918bf75a08\/51e6c029e4b0258f4df36a1b\/1374077706013\/suspectfront.jpg?format=original\" \/><img decoding=\"async\" src=\"http:\/\/static.squarespace.com\/static\/51e0eab3e4b001f1c4738b2c\/51e6bf3be4b083918bf75a08\/51e6bf41e4b0560fc2395618\/1374077728396\/trinityfront.jpg?format=original\" \/><img decoding=\"async\" src=\"http:\/\/static.squarespace.com\/static\/51e0eab3e4b001f1c4738b2c\/51e6bf3be4b083918bf75a08\/51e6bf41e4b050adffbe45fe\/1374077750568\/wishbringerfront.jpg?format=original\" \/><img decoding=\"async\" src=\"http:\/\/static.squarespace.com\/static\/51e0eab3e4b001f1c4738b2c\/51e6bf3be4b083918bf75a08\/51e6bf42e4b0782df15750a1\/1374077770165\/witnessfront.jpg?format=original\" \/><img decoding=\"async\" src=\"http:\/\/static.squarespace.com\/static\/51e0eab3e4b001f1c4738b2c\/51e6bf3be4b083918bf75a08\/51e6bf43e4b062dafa70abd1\/1374077792890\/zork0front.jpg?format=original\" \/><img decoding=\"async\" src=\"http:\/\/static.squarespace.com\/static\/51e0eab3e4b001f1c4738b2c\/51e6bf3be4b083918bf75a08\/51e6bf44e4b0f331b977bd9f\/1374077813857\/zork1front.jpg?format=original\" \/><img decoding=\"async\" src=\"http:\/\/static.squarespace.com\/static\/51e0eab3e4b001f1c4738b2c\/51e6bf3be4b083918bf75a08\/51e6bf44e4b0b6641cc7a9f3\/1374077833188\/zork3front.jpg?format=original\" \/><\/div>\n<h2>Meine Sammlung: Mastertronic-Versionen<\/h2>\n<p>Nach dem Ende von Infocom erwarb die Firma Mastertronic die Rechte an einigen Infocom-Spielen. Diese wurden dann neu aufgelegt, wurden aber lieblos in eine kleine quadratische Box gequetscht. Dort fanden nur die notwendigsten Extras Platz.<\/p>\n<p>Diese beiden Mastertronic-Versionen habe ich:<\/p>\n<div class=\"image-gallery-wrapper\"><img decoding=\"async\" src=\"http:\/\/static.squarespace.com\/static\/51e0eab3e4b001f1c4738b2c\/51e6c54fe4b071c85f0b7e50\/51e6c54fe4b018cade397c08\/1374078376761\/zork2.jpg?format=original\" \/><img decoding=\"async\" src=\"http:\/\/static.squarespace.com\/static\/51e0eab3e4b001f1c4738b2c\/51e6c54fe4b071c85f0b7e50\/51e6c55de4b0e93105b1fb4a\/1374078402096\/planetfall_mastertronic.jpg?format=original\" \/><\/div>\n<h2>Meine Sammlung: Infocomics<\/h2>\n<p>Von Infocom gab es nicht nur Text-Adventures, sondern auch eine Datenbank-Software (!) und interaktive elektronische Comics, &#8220;Infocomics&#8221; genannt.<\/p>\n<p>Ich besitzt nur ein einziges Infocomic: Zork Quest I<\/p>\n<p><img decoding=\"async\" src=\"http:\/\/static.squarespace.com\/static\/51e0eab3e4b001f1c4738b2c\/51e2445de4b0b61b96e2e8c0\/51e244c8e4b0b61b96e2f15c\/1373783259592\/zorkq1front_th.jpg?format=original\" \/><\/p>\n<h2>Meine Sammlung: Compilations<\/h2>\n<p><img decoding=\"async\" src=\"http:\/\/static.squarespace.com\/static\/51e0eab3e4b001f1c4738b2c\/51e2445de4b0b61b96e2e8c0\/51e244c8e4b0b61b96e2f15f\/1373783259738\/lost_treasures.jpg?format=original\" \/><\/p>\n<p>Activision ver\u00f6ffentlichte nach dem Ableben von Infocom einige Compilations, also mehrere Spiele-Titel als Sammlung. Die erste und gr\u00f6\u00dfte Compilation war &#8220;Lost Treasures of Infocom&#8221;, die 20 Titel enthielt. Es folgten &#8220;Lost Treasures of Infocom II&#8221;, sowie einige thematisch zusammengefasste Sammlungen.<\/p>\n<p>Ich besitze nur den Klassiker: Lost Treasures of Infocom<\/p>\n","protected":false},"excerpt":{"rendered":"<p>Allgemeines zu Infocom Die Firma Infocom stellte in den 80er Jahren Text-Adventures her, also Computer-Spiele v\u00f6llig ohne Grafik. Daf\u00fcr war die Qualit\u00e4t der Texte sehr hoch und die Schwierigkeit der R\u00e4tsel ebenso. Herausragend war damals der sog. &#8220;Parser&#8221;, also der Teil des Spiels, der die Eingaben des Anwenders verarbeitet. Er bestach nicht nur durch die [&hellip;]<\/p>\n","protected":false},"author":1,"featured_media":0,"parent":0,"menu_order":0,"comment_status":"open","ping_status":"open","template":"","meta":{"footnotes":""},"class_list":["post-192","page","type-page","status-publish","hentry"],"_links":{"self":[{"href":"https:\/\/geeknation.de\/index.php?rest_route=\/wp\/v2\/pages\/192","targetHints":{"allow":["GET"]}}],"collection":[{"href":"https:\/\/geeknation.de\/index.php?rest_route=\/wp\/v2\/pages"}],"about":[{"href":"https:\/\/geeknation.de\/index.php?rest_route=\/wp\/v2\/types\/page"}],"author":[{"embeddable":true,"href":"https:\/\/geeknation.de\/index.php?rest_route=\/wp\/v2\/users\/1"}],"replies":[{"embeddable":true,"href":"https:\/\/geeknation.de\/index.php?rest_route=%2Fwp%2Fv2%2Fcomments&post=192"}],"version-history":[{"count":0,"href":"https:\/\/geeknation.de\/index.php?rest_route=\/wp\/v2\/pages\/192\/revisions"}],"wp:attachment":[{"href":"https:\/\/geeknation.de\/index.php?rest_route=%2Fwp%2Fv2%2Fmedia&parent=192"}],"curies":[{"name":"wp","href":"https:\/\/api.w.org\/{rel}","templated":true}]}}